{"id":176,"date":"2026-01-30T10:33:59","date_gmt":"2026-01-30T10:33:59","guid":{"rendered":"https:\/\/randicengineering.com\/?page_id=176"},"modified":"2026-02-02T18:38:35","modified_gmt":"2026-02-02T18:38:35","slug":"efh-larchenstrasse-23-flurlingen-gelbe-wanne","status":"publish","type":"page","link":"https:\/\/randic-engineering.com\/index.php\/efh-larchenstrasse-23-flurlingen-gelbe-wanne\/","title":{"rendered":"EFH, L\u00e4rchenstrasse 23, Flurlingen &#8211; Gelbe Wanne"},"content":{"rendered":"<div class=\"wpb-content-wrapper\">[vc_row css=&#8221;.vc_custom_1769769191947{margin-top: 50px !important;}&#8221;][vc_column][layerslider_vc id=&#8221;14&#8243;][\/vc_column][\/vc_row][vc_row css=&#8221;.vc_custom_1769769196265{margin-top: 50px !important;}&#8221;][vc_column][vc_column_text]\n<p class=\"zfr3Q CDt4Ke \" dir=\"ltr\" style=\"text-align: justify;\"><strong><span class=\"C9DxTc \">Projektname:<\/span> <span class=\"C9DxTc \">EFH L\u00e4rchenstrasse 23, Flurlingen<\/span><\/strong><\/p>\n<p class=\"zfr3Q CDt4Ke \" dir=\"ltr\" style=\"text-align: justify;\"><span class=\"C9DxTc \">Bei diesem Projekt war\u00a0<\/span><span class=\"C9DxTc \">Randic Engineering<\/span><span class=\"C9DxTc \">\u00a0f\u00fcr die Ausarbeitung des\u00a0<\/span><span class=\"C9DxTc \">Gesamtkonzepts und der Pl\u00e4ne f\u00fcr die Abdichtung (Hydroisolation)<\/span><span class=\"C9DxTc \">\u00a0zust\u00e4ndig. Unser Ziel war es, einen langfristigen Schutz des Objekts gegen Feuchtigkeit und Grundwasser zu gew\u00e4hrleisten.\u00a0<\/span><\/p>\n<div id=\"h.hvty9i4szdhf\" class=\"GV3q8e yMxPgf aP9Z7e\" style=\"text-align: justify;\"><\/div>\n<div class=\"CjVfdc\" style=\"text-align: justify;\">\n<div class=\"PPhIP rviiZ\"><\/div>\n<p><span class=\"C9DxTc \">Projektdetails:<\/span><\/p>\n<\/div>\n<ul class=\"n8H08c UVNKR \">\n<li class=\"zfr3Q TYR86d eD0Rn \" dir=\"ltr\" style=\"text-align: justify;\">\n<p class=\"zfr3Q CDt4Ke \" dir=\"ltr\" role=\"presentation\"><span class=\"C9DxTc \">Erstellung von Konzept und Pl\u00e4nen:<\/span><span class=\"C9DxTc \">\u00a0Randic Engineering entwickelte ein detailliertes\u00a0<\/span><span class=\"C9DxTc \">Abdichtungskonzept<\/span><span class=\"C9DxTc \">, einschliesslich aller notwendigen technischen Spezifikationen und Ausf\u00fchrungspl\u00e4ne.<\/span><\/p>\n<\/li>\n<li class=\"zfr3Q TYR86d eD0Rn \" dir=\"ltr\" style=\"text-align: justify;\">\n<p class=\"zfr3Q CDt4Ke \" dir=\"ltr\" role=\"presentation\"><span class=\"C9DxTc \">Zusammenarbeit mit dem Ausf\u00fchrenden:<\/span><span class=\"C9DxTc \">\u00a0Das Konzept wurde in enger Zusammenarbeit mit der Ausf\u00fchrungsfirma\u00a0<\/span><span class=\"C9DxTc \">Etter Baudicht<\/span><span class=\"C9DxTc \">\u00a0ausgearbeitet, um eine Optimierung des Plans f\u00fcr eine effiziente und qualitativ hochwertige Umsetzung vor Ort sicherzustellen.<\/span><\/p>\n<\/li>\n<li class=\"zfr3Q TYR86d eD0Rn \" dir=\"ltr\">\n<p class=\"zfr3Q CDt4Ke \" dir=\"ltr\" style=\"text-align: justify;\" role=\"presentation\"><span class=\"C9DxTc \">Systemwahl (Gelbe Wanne):<\/span><span class=\"C9DxTc \">\u00a0Eine Schl\u00fcsselentscheidung bei diesem Projekt war die Anwendung des\u00a0<\/span><span class=\"C9DxTc \">Gelbe Wanne<\/span><span class=\"C9DxTc \">-Systems. Dieses System wurde gew\u00e4hlt, da sich die\u00a0<\/span><span class=\"C9DxTc \">bewohnten R\u00e4ume\u00a0<\/span><span class=\"C9DxTc \">an\u00a0<\/span><span class=\"C9DxTc \">erdber\u00fchrten W\u00e4nden<\/span><span class=\"C9DxTc \">\u00a0befinden. Die Gelbe Wanne bietet einen zuverl\u00e4ssigen und dauerhaften Schutz dieser kritischen Bereiche und gew\u00e4hrleistet somit die Trockenheit und den Komfort der Innenr\u00e4ume.<\/span><\/p>\n<\/li>\n<\/ul>\n[\/vc_column_text][\/vc_column][\/vc_row][vc_row][vc_column]<div class=\"separator  \" style=\"padding-top: 20px; padding-bottom: 20px; \" ><hr class=\"shadow_line\" ><\/div>[\/vc_column][\/vc_row]\n<\/div>","protected":false},"excerpt":{"rendered":"<p>[vc_row css=&#8221;.vc_custom_1769769191947{margin-top: 50px !important;}&#8221;][vc_column][layerslider_vc id=&#8221;14&#8243;][\/vc_column][\/vc_row][vc_row css=&#8221;.vc_custom_1769769196265{margin-top: 50px !important;}&#8221;][vc_column][vc_column_text] Projektname: EFH L\u00e4rchenstrasse 23, Flurlingen Bei diesem Projekt war\u00a0Randic Engineering\u00a0f\u00fcr die Ausarbeitung des\u00a0Gesamtkonzepts und der Pl\u00e4ne f\u00fcr die Abdichtung (Hydroisolation)\u00a0zust\u00e4ndig. Unser Ziel war es, einen langfristigen Schutz des Objekts gegen Feuchtigkeit und Grundwasser zu gew\u00e4hrleisten.\u00a0 Projektdetails: Erstellung von Konzept und Pl\u00e4nen:\u00a0Randic Engineering entwickelte ein detailliertes\u00a0Abdichtungskonzept, einschliesslich aller [&hellip;]<\/p>\n","protected":false},"author":1,"featured_media":0,"parent":0,"menu_order":0,"comment_status":"closed","ping_status":"closed","template":"","meta":{"footnotes":""},"class_list":["post-176","page","type-page","status-publish","hentry"],"_links":{"self":[{"href":"https:\/\/randic-engineering.com\/index.php\/wp-json\/wp\/v2\/pages\/176","targetHints":{"allow":["GET"]}}],"collection":[{"href":"https:\/\/randic-engineering.com\/index.php\/wp-json\/wp\/v2\/pages"}],"about":[{"href":"https:\/\/randic-engineering.com\/index.php\/wp-json\/wp\/v2\/types\/page"}],"author":[{"embeddable":true,"href":"https:\/\/randic-engineering.com\/index.php\/wp-json\/wp\/v2\/users\/1"}],"replies":[{"embeddable":true,"href":"https:\/\/randic-engineering.com\/index.php\/wp-json\/wp\/v2\/comments?post=176"}],"version-history":[{"count":7,"href":"https:\/\/randic-engineering.com\/index.php\/wp-json\/wp\/v2\/pages\/176\/revisions"}],"predecessor-version":[{"id":243,"href":"https:\/\/randic-engineering.com\/index.php\/wp-json\/wp\/v2\/pages\/176\/revisions\/243"}],"wp:attachment":[{"href":"https:\/\/randic-engineering.com\/index.php\/wp-json\/wp\/v2\/media?parent=176"}],"curies":[{"name":"wp","href":"https:\/\/api.w.org\/{rel}","templated":true}]}}