{"id":2,"date":"2026-01-28T12:39:48","date_gmt":"2026-01-28T12:39:48","guid":{"rendered":"https:\/\/randicengineering.com\/?page_id=2"},"modified":"2026-02-08T11:28:38","modified_gmt":"2026-02-08T11:28:38","slug":"sample-page","status":"publish","type":"page","link":"https:\/\/randic-engineering.com\/","title":{"rendered":"Haupt"},"content":{"rendered":"<div class=\"wpb-content-wrapper\">[vc_row css=&#8221;.vc_custom_1769689476439{margin-top: 50px !important;}&#8221;][vc_column width=&#8221;1\/3&#8243;][vc_single_image image=&#8221;81&#8243; img_size=&#8221;large&#8221; alignment=&#8221;center&#8221; css=&#8221;&#8221;][\/vc_column][vc_column width=&#8221;1\/3&#8243;][vc_column_text css=&#8221;&#8221;]\n<p class=\"zfr3Q CDt4Ke \" dir=\"ltr\"><strong><span class=\"C9DxTc \">Randic Engineering<\/span><\/strong><\/p>\n<p class=\"zfr3Q CDt4Ke \" dir=\"ltr\"><strong><span class=\"C9DxTc \">Randic Stefan<\/span><\/strong><\/p>\n<p class=\"zfr3Q CDt4Ke \" dir=\"ltr\"><strong><span class=\"C9DxTc \">Postfach<\/span><\/strong><\/p>\n<p class=\"zfr3Q CDt4Ke \" dir=\"ltr\"><strong><span class=\"C9DxTc \">8304 Wallisellen<\/span><\/strong><\/p>\n[\/vc_column_text][\/vc_column][vc_column width=&#8221;1\/3&#8243;][vc_column_text css=&#8221;&#8221;]\n<p class=\"zfr3Q CDt4Ke \" dir=\"ltr\"><strong><span class=\"C9DxTc \">+41 76 4375211<\/span><\/strong><\/p>\n<p class=\"zfr3Q CDt4Ke \" dir=\"ltr\"><strong><span class=\"C9DxTc \">info@randic-engineering.com<\/span><\/strong><\/p>\n[\/vc_column_text][\/vc_column][\/vc_row][vc_row css=&#8221;.vc_custom_1769686894018{margin-top: 50px !important;}&#8221;][vc_column][vc_column_text css=&#8221;&#8221;]\n<p class=\"zfr3Q CDt4Ke \" dir=\"ltr\" style=\"text-align: justify;\"><span class=\"C9DxTc \">Bei\u00a0<\/span><strong><span class=\"C9DxTc \">Randic Engineering<\/span><\/strong><span class=\"C9DxTc \">\u00a0sind wir mehr als nur Planer \u2013 wir sind Ihr Partner, der mit durchdachten L\u00f6sungen die\u00a0<\/span><strong><span class=\"C9DxTc \">Qualit\u00e4t von Lebens- und Arbeitsr\u00e4umen sichert und verbessert<\/span><span class=\"C9DxTc \">.<\/span><\/strong><\/p>\n<p class=\"zfr3Q CDt4Ke \" dir=\"ltr\" style=\"text-align: justify;\"><span class=\"C9DxTc \">Unser Ingenieurb\u00fcro steht f\u00fcr eine breite Palette an Planungsleistungen in der\u00a0<\/span><strong><span class=\"C9DxTc \">Tragwerksplanung<\/span><\/strong><span class=\"C9DxTc \">, die wir f\u00fcr den\u00a0<\/span><strong><span class=\"C9DxTc \">Wohnungsbau, Verwaltungsbau, \u00f6ffentliche Bauten und Industriebauten<\/span><\/strong><span class=\"C9DxTc \">\u00a0anbieten. Unabh\u00e4ngig davon, ob Ihr Projekt auf\u00a0<\/span><strong><span class=\"C9DxTc \">Massiv-, Stahl- oder Holzkonstruktionen<\/span><\/strong><span class=\"C9DxTc \">\u00a0basiert, stellen wir uns jeder technischen Herausforderung mit Expertise und Pr\u00e4zision, um massgeschneiderte und stabile L\u00f6sungen zu liefern.<\/span><\/p>\n<p class=\"zfr3Q CDt4Ke \" dir=\"ltr\" style=\"text-align: justify;\"><span class=\"C9DxTc \">Ein weiterer Schwerpunkt unserer Arbeit ist die\u00a0<\/span><span class=\"C9DxTc \">Abdichtungsplanung<\/span><span class=\"C9DxTc \">. Wir entwickeln nicht nur zuverl\u00e4ssige Konzepte, um Neubauten von Beginn an vor Feuchtigkeit und Wassersch\u00e4den zu sch\u00fctzen, sondern sind auch auf die professionelle\u00a0<\/span><strong><span class=\"C9DxTc \">Sanierung<\/span><\/strong><span class=\"C9DxTc \">\u00a0bestehender Objekte spezialisiert, um deren Substanz dauerhaft zu erhalten und wiederherzustellen.<\/span><\/p>\n[\/vc_column_text][\/vc_column][\/vc_row][vc_row css=&#8221;.vc_custom_1769686771623{margin-bottom: 10px !important;}&#8221;][vc_column]<div class=\"separator  \" style=\"padding-top: 20px; padding-bottom: 20px; \" ><hr class=\"shadow_line\" ><\/div>[\/vc_column][\/vc_row][vc_row css=&#8221;.vc_custom_1769681251872{margin-bottom: 15px !important;}&#8221;][vc_column]<div class=\"title-outer pos_left \"  style=\"border-color: #00000000 ;border-bottom: none;\"><h3 style=\"color: #444444; border-bottom-color:#00000000; text-transform: none;font-size: 28px;\">unsere Partners<\/h3><\/div>[\/vc_column][\/vc_row][vc_row][vc_column width=&#8221;1\/4&#8243;][vc_single_image image=&#8221;13&#8243; img_size=&#8221;medium&#8221; style=&#8221;vc_box_shadow_3d&#8221; onclick=&#8221;custom_link&#8221; img_link_target=&#8221;_blank&#8221; css=&#8221;&#8221; link=&#8221;https:\/\/www.etter-baudicht.com&#8221;][\/vc_column][vc_column width=&#8221;3\/4&#8243;][vc_column_text css=&#8221;&#8221; el_id=&#8221;partners&#8221;]\n<p class=\"zfr3Q CDt4Ke \" dir=\"ltr\" style=\"text-align: justify;\"><span class=\"C9DxTc \">In enger Zusammenarbeit mit der renommierten Firma\u00a0<\/span><span class=\"C9DxTc \">Etterbaudicht<\/span><span class=\"C9DxTc \">\u00a0bieten wir Ihnen umfassende Expertise im Bereich der Bauwerksabdichtung. Unsere Leistungen umfassen:<\/span><\/p>\n<ul class=\"n8H08c UVNKR \" style=\"text-align: justify;\">\n<li class=\"zfr3Q TYR86d eD0Rn \" dir=\"ltr\">\n<p class=\"zfr3Q CDt4Ke \" dir=\"ltr\" style=\"text-align: justify;\" role=\"presentation\"><span class=\"C9DxTc \">Entwicklung von Abdichtungskonzepten:<\/span><span class=\"C9DxTc \">\u00a0Erstellung massgeschneiderter und fundierter Konzepte f\u00fcr den optimalen Feuchtigkeitsschutz Ihres Bauvorhabens.<\/span><\/p>\n<\/li>\n<li class=\"zfr3Q TYR86d eD0Rn \" dir=\"ltr\">\n<p class=\"zfr3Q CDt4Ke \" dir=\"ltr\" role=\"presentation\"><span class=\"C9DxTc \">Ausf\u00fchrungsplanung der Abdichtung:<\/span><span class=\"C9DxTc \">\u00a0Detaillierte Planung und Spezifikationen f\u00fcr eine fehlerfreie Umsetzung vor Ort.<\/span><\/p>\n<\/li>\n<li class=\"zfr3Q TYR86d eD0Rn \" dir=\"ltr\">\n<p class=\"zfr3Q CDt4Ke \" dir=\"ltr\" role=\"presentation\"><span class=\"C9DxTc \">Baustellenkontrolle und Qualit\u00e4tsmanagement:<\/span><span class=\"C9DxTc \">\u00a0Kontinuierliche \u00dcberwachung der Abdichtungsarbeiten auf der Baustelle zur Gew\u00e4hrleistung h\u00f6chster Qualit\u00e4t und Regelkonformit\u00e4t.<\/span><\/p>\n<\/li>\n<\/ul>\n<p class=\"zfr3Q CDt4Ke \" dir=\"ltr\" style=\"text-align: justify;\"><span class=\"C9DxTc \">Mit dieser Partnerschaft sichern wir Ihnen technisch einwandfreie und zuverl\u00e4ssige Abdichtungsl\u00f6sungen f\u00fcr dauerhaften Schutz.<\/span><\/p>\n[\/vc_column_text][\/vc_column][\/vc_row][vc_row css=&#8221;.vc_custom_1769686938990{margin-bottom: 10px !important;}&#8221;][vc_column]<div class=\"separator  \" style=\"padding-top: 20px; padding-bottom: 20px; \" ><hr class=\"shadow_line\" ><\/div>[\/vc_column][\/vc_row]\n<\/div>","protected":false},"excerpt":{"rendered":"<p>[vc_row css=&#8221;.vc_custom_1769689476439{margin-top: 50px !important;}&#8221;][vc_column width=&#8221;1\/3&#8243;][vc_single_image image=&#8221;81&#8243; img_size=&#8221;large&#8221; alignment=&#8221;center&#8221; css=&#8221;&#8221;][\/vc_column][vc_column width=&#8221;1\/3&#8243;][vc_column_text css=&#8221;&#8221;] Randic Engineering Randic Stefan Postfach 8304 Wallisellen [\/vc_column_text][\/vc_column][vc_column width=&#8221;1\/3&#8243;][vc_column_text css=&#8221;&#8221;] +41 76 4375211 info@randic-engineering.com [\/vc_column_text][\/vc_column][\/vc_row][vc_row css=&#8221;.vc_custom_1769686894018{margin-top: 50px !important;}&#8221;][vc_column][vc_column_text css=&#8221;&#8221;] Bei\u00a0Randic Engineering\u00a0sind wir mehr als nur Planer \u2013 wir sind Ihr Partner, der mit durchdachten L\u00f6sungen die\u00a0Qualit\u00e4t von Lebens- und Arbeitsr\u00e4umen sichert und verbessert. Unser [&hellip;]<\/p>\n","protected":false},"author":1,"featured_media":0,"parent":0,"menu_order":0,"comment_status":"closed","ping_status":"open","template":"page-full.php","meta":{"footnotes":""},"class_list":["post-2","page","type-page","status-publish","hentry"],"_links":{"self":[{"href":"https:\/\/randic-engineering.com\/index.php\/wp-json\/wp\/v2\/pages\/2","targetHints":{"allow":["GET"]}}],"collection":[{"href":"https:\/\/randic-engineering.com\/index.php\/wp-json\/wp\/v2\/pages"}],"about":[{"href":"https:\/\/randic-engineering.com\/index.php\/wp-json\/wp\/v2\/types\/page"}],"author":[{"embeddable":true,"href":"https:\/\/randic-engineering.com\/index.php\/wp-json\/wp\/v2\/users\/1"}],"replies":[{"embeddable":true,"href":"https:\/\/randic-engineering.com\/index.php\/wp-json\/wp\/v2\/comments?post=2"}],"version-history":[{"count":43,"href":"https:\/\/randic-engineering.com\/index.php\/wp-json\/wp\/v2\/pages\/2\/revisions"}],"predecessor-version":[{"id":250,"href":"https:\/\/randic-engineering.com\/index.php\/wp-json\/wp\/v2\/pages\/2\/revisions\/250"}],"wp:attachment":[{"href":"https:\/\/randic-engineering.com\/index.php\/wp-json\/wp\/v2\/media?parent=2"}],"curies":[{"name":"wp","href":"https:\/\/api.w.org\/{rel}","templated":true}]}}