{"id":211,"date":"2026-01-30T16:40:14","date_gmt":"2026-01-30T16:40:14","guid":{"rendered":"https:\/\/randicengineering.com\/?page_id=211"},"modified":"2026-01-30T16:56:12","modified_gmt":"2026-01-30T16:56:12","slug":"leistungen","status":"publish","type":"page","link":"https:\/\/randic-engineering.com\/index.php\/leistungen\/","title":{"rendered":"Leistungen"},"content":{"rendered":"<div class=\"wpb-content-wrapper\">[vc_row css=&#8221;.vc_custom_1769791887879{margin-top: 50px !important;}&#8221;][vc_column][vc_column_text css=&#8221;&#8221;]\n<p class=\"zfr3Q CDt4Ke \" dir=\"ltr\"><span class=\"C9DxTc \">Meine Dienstleistungen richten sich gleichermassen an<\/span><span class=\"C9DxTc \">\u00a0<\/span><span class=\"C9DxTc \">Privatkunden<\/span><span class=\"C9DxTc \">\u00a0<\/span><span class=\"C9DxTc \">und\u00a0<\/span><span class=\"C9DxTc \">Ingenieurb\u00fcros<\/span><span class=\"C9DxTc \">.<\/span><\/p>\n<div id=\"h.9exf7apav21h\" class=\"GV3q8e yMxPgf aP9Z7e\"><\/div>\n<div class=\"CjVfdc\"><span class=\"C9DxTc \">F\u00fcr Privatkunden<\/span><\/div>\n<p class=\"zfr3Q CDt4Ke \" dir=\"ltr\"><span class=\"C9DxTc \">Ob Neubau, Sanierung oder eine spezifische technische Beratung \u2013 ich stehe Ihnen als Ihr\u00a0<\/span><span class=\"C9DxTc \">pers\u00f6nlicher Ingenieur<\/span><span class=\"C9DxTc \">\u00a0zur Seite. Ich unterst\u00fctze Sie dabei, Ihr Bauvorhaben sicher und reibungslos umzusetzen.<\/span><\/p>\n<div id=\"h.f3ry1n42pvyz\" class=\"GV3q8e yMxPgf aP9Z7e\"><\/div>\n<div class=\"CjVfdc\"><span class=\"C9DxTc \">F\u00fcr Ingenieurb\u00fcros<\/span><\/div>\n<p class=\"zfr3Q CDt4Ke \" dir=\"ltr\"><span class=\"C9DxTc \">Sie k\u00f6nnen mich als zuverl\u00e4ssigen\u00a0<\/span><span class=\"C9DxTc \">Projektpartner<\/span><span class=\"C9DxTc \">\u00a0<\/span><span class=\"C9DxTc \">einsetzen. Mein Ziel ist es, Sie gezielt zu entlasten, indem ich spezifische Aufgaben oder Teilprojekte \u00fcbernehme. So k\u00f6nnen Sie Ihre Kapazit\u00e4ten optimal nutzen und Ihre Projekte effizienter abwickeln.<\/span><\/p>\n[\/vc_column_text][\/vc_column][\/vc_row][vc_row slider_deg=&#8221;90&#8243; css=&#8221;.vc_custom_1769792171460{margin-top: 15px !important;}&#8221;][vc_column width=&#8221;1\/2&#8243;][vc_single_image image=&#8221;220&#8243; img_size=&#8221;full&#8221; alignment=&#8221;center&#8221; style=&#8221;vc_box_shadow_3d&#8221; onclick=&#8221;custom_link&#8221; css=&#8221;.vc_custom_1769791983980{margin-top: 50px !important;}&#8221; link=&#8221;https:\/\/randicengineering.com\/index.php\/ihr-bauingenieur\/&#8221;][vc_btn title=&#8221;Ihr Bauingenieur&#8221; style=&#8221;flat&#8221; shape=&#8221;square&#8221; color=&#8221;blue&#8221; size=&#8221;lg&#8221; align=&#8221;center&#8221; css=&#8221;&#8221; button_block=&#8221;true&#8221; link=&#8221;url:https%3A%2F%2Frandicengineering.com%2Findex.php%2Fihr-bauingenieur%2F|title:Ihr%20Bauingenieur&#8221;][\/vc_column][vc_column width=&#8221;1\/2&#8243;][vc_single_image image=&#8221;219&#8243; img_size=&#8221;full&#8221; alignment=&#8221;center&#8221; style=&#8221;vc_box_shadow_3d&#8221; onclick=&#8221;custom_link&#8221; css=&#8221;.vc_custom_1769792004379{margin-top: 50px !important;}&#8221; link=&#8221;https:\/\/randicengineering.com\/index.php\/ihr-bauingenieur-als-partner\/&#8221;][vc_btn title=&#8221;Ihr Bauingenieur Als Partner&#8221; style=&#8221;flat&#8221; shape=&#8221;square&#8221; color=&#8221;blue&#8221; size=&#8221;lg&#8221; align=&#8221;center&#8221; css=&#8221;&#8221; button_block=&#8221;true&#8221; link=&#8221;url:https%3A%2F%2Frandicengineering.com%2Findex.php%2Fihr-bauingenieur-als-partner%2F|title:Ihr%20Bauingenieur%20als%20Partner&#8221;][\/vc_column][\/vc_row][vc_row][vc_column]<div class=\"separator  \" style=\"padding-top: 20px; padding-bottom: 20px; \" ><hr class=\"shadow_line\" ><\/div>[\/vc_column][\/vc_row]\n<\/div>","protected":false},"excerpt":{"rendered":"<p>[vc_row css=&#8221;.vc_custom_1769791887879{margin-top: 50px !important;}&#8221;][vc_column][vc_column_text css=&#8221;&#8221;] Meine Dienstleistungen richten sich gleichermassen an\u00a0Privatkunden\u00a0und\u00a0Ingenieurb\u00fcros. F\u00fcr Privatkunden Ob Neubau, Sanierung oder eine spezifische technische Beratung \u2013 ich stehe Ihnen als Ihr\u00a0pers\u00f6nlicher Ingenieur\u00a0zur Seite. Ich unterst\u00fctze Sie dabei, Ihr Bauvorhaben sicher und reibungslos umzusetzen. F\u00fcr Ingenieurb\u00fcros Sie k\u00f6nnen mich als zuverl\u00e4ssigen\u00a0Projektpartner\u00a0einsetzen. Mein Ziel ist es, Sie gezielt zu entlasten, indem [&hellip;]<\/p>\n","protected":false},"author":1,"featured_media":0,"parent":0,"menu_order":0,"comment_status":"closed","ping_status":"closed","template":"page-full.php","meta":{"footnotes":""},"class_list":["post-211","page","type-page","status-publish","hentry"],"_links":{"self":[{"href":"https:\/\/randic-engineering.com\/index.php\/wp-json\/wp\/v2\/pages\/211","targetHints":{"allow":["GET"]}}],"collection":[{"href":"https:\/\/randic-engineering.com\/index.php\/wp-json\/wp\/v2\/pages"}],"about":[{"href":"https:\/\/randic-engineering.com\/index.php\/wp-json\/wp\/v2\/types\/page"}],"author":[{"embeddable":true,"href":"https:\/\/randic-engineering.com\/index.php\/wp-json\/wp\/v2\/users\/1"}],"replies":[{"embeddable":true,"href":"https:\/\/randic-engineering.com\/index.php\/wp-json\/wp\/v2\/comments?post=211"}],"version-history":[{"count":7,"href":"https:\/\/randic-engineering.com\/index.php\/wp-json\/wp\/v2\/pages\/211\/revisions"}],"predecessor-version":[{"id":229,"href":"https:\/\/randic-engineering.com\/index.php\/wp-json\/wp\/v2\/pages\/211\/revisions\/229"}],"wp:attachment":[{"href":"https:\/\/randic-engineering.com\/index.php\/wp-json\/wp\/v2\/media?parent=211"}],"curies":[{"name":"wp","href":"https:\/\/api.w.org\/{rel}","templated":true}]}}