{"id":31,"date":"2026-01-28T13:28:41","date_gmt":"2026-01-28T13:28:41","guid":{"rendered":"https:\/\/randicengineering.com\/?page_id=31"},"modified":"2026-01-30T10:01:49","modified_gmt":"2026-01-30T10:01:49","slug":"uber-mich","status":"publish","type":"page","link":"https:\/\/randic-engineering.com\/index.php\/uber-mich\/","title":{"rendered":"\u00dcber mich"},"content":{"rendered":"<div class=\"wpb-content-wrapper\">[vc_row css=&#8221;.vc_custom_1769690868996{margin-top: 50px !important;}&#8221;][vc_column width=&#8221;1\/2&#8243;][vc_single_image image=&#8221;84&#8243; img_size=&#8221;large&#8221; alignment=&#8221;center&#8221; style=&#8221;vc_box_shadow_3d&#8221; css=&#8221;&#8221;][\/vc_column][vc_column width=&#8221;1\/2&#8243;]<div class=\"title-outer pos_left \"  style=\"border-color: #00000000 ;border-bottom: none;\"><h3 style=\"color: #1E73BE; border-bottom-color:#00000000; text-transform: none;font-size: 30px;\">Inhaber: Randic Stefan<\/h3><\/div>[vc_column_text css=&#8221;.vc_custom_1769690565141{margin-bottom: 50px !important;}&#8221;]\n<p class=\"zfr3Q CDt4Ke \" dir=\"ltr\"><strong><span class=\"C9DxTc \">M.Sc Bauingenieur ; Bauf\u00fchrer im Hochbau<\/span><\/strong><\/p>\n<p class=\"zfr3Q CDt4Ke \" dir=\"ltr\"><strong><span class=\"C9DxTc \">Swiss Engnieering STV Mitglied &#8211; 149804<\/span><\/strong><\/p>\n<p class=\"zfr3Q CDt4Ke \" dir=\"ltr\"><strong><span class=\"C9DxTc \">ODEC Mitglied &#8211; Schweizerischer Verband der dipl. HF<\/span><\/strong><\/p>\n[\/vc_column_text][vc_column_text css=&#8221;&#8221;]\n<p style=\"text-align: justify;\">Als diplomierter\u00a0Master-Ingenieur\u00a0der\u00a0Fakult\u00e4t f\u00fcr Technische Wissenschaften an der Universit\u00e4t in Serbien (Novi Sad)\u00a0habe ich mir ein fundiertes Fachwissen angeeignet. Zus\u00e4tzlich besitze ich das schweizerische Diplom als\u00a0Bauf\u00fchrer Techniker im Hochbau, welches ich an der\u00a0IBZ Schule\u00a0erworben habe.<\/p>\n<p style=\"text-align: justify;\">Meine gesamte berufliche Laufbahn habe ich in der Schweiz verbracht, wo ich umfassende Erfahrung in der Tragwerksplanung im Wohnbau und Industriebau gesammelt habe.<\/p>\n<p style=\"text-align: justify;\">Als Bauf\u00fchrer habe ich mich auf komplexe Bereiche wie Abdichtungssysteme spezialisiert, mit einem besonderen Fokus auf die Weisse und Gelbe Wanne, sowie auf Sanierungsarbeiten.<\/p>\n<p style=\"text-align: justify;\">Ich bin meiner Arbeit mit vollem Einsatz verpflichtet und habe eine echte Leidenschaft daf\u00fcr, technische Probleme zu l\u00f6sen und innovative L\u00f6sungen zu finden. Es bereitet mir grosse Freude, in meinem Beruf t\u00e4tig zu sein, was sich in der Anwendung neuester Standards und der Bereitschaft zu st\u00e4ndiger Weiterbildung widerspiegelt. Als aktives Mitglied des STV Swiss Engineering und des ODEC lebe ich diese Werte aktiv.<\/p>\n<p style=\"text-align: justify;\">Zu meinen Schl\u00fcsselkompetenzen z\u00e4hlen ausgezeichnete Kommunikationsf\u00e4higkeiten, w\u00e4hrend ich in meiner Freizeit gerne Basketball spiele und mit Jugendlichen arbeite.<\/p>\n[\/vc_column_text][\/vc_column][\/vc_row][vc_row][vc_column]<div class=\"separator  \" style=\"padding-top: 20px; padding-bottom: 20px; \" ><hr class=\"shadow_line\" ><\/div>[\/vc_column][\/vc_row]\n<\/div>","protected":false},"excerpt":{"rendered":"<p>[vc_row css=&#8221;.vc_custom_1769690868996{margin-top: 50px !important;}&#8221;][vc_column width=&#8221;1\/2&#8243;][vc_single_image image=&#8221;84&#8243; img_size=&#8221;large&#8221; alignment=&#8221;center&#8221; style=&#8221;vc_box_shadow_3d&#8221; css=&#8221;&#8221;][\/vc_column][vc_column width=&#8221;1\/2&#8243;][vc_column_text css=&#8221;.vc_custom_1769690565141{margin-bottom: 50px !important;}&#8221;] M.Sc Bauingenieur ; Bauf\u00fchrer im Hochbau Swiss Engnieering STV Mitglied &#8211; 149804 ODEC Mitglied &#8211; Schweizerischer Verband der dipl. HF [\/vc_column_text][vc_column_text css=&#8221;&#8221;] Als diplomierter\u00a0Master-Ingenieur\u00a0der\u00a0Fakult\u00e4t f\u00fcr Technische Wissenschaften an der Universit\u00e4t in Serbien (Novi Sad)\u00a0habe ich mir ein fundiertes Fachwissen angeeignet. Zus\u00e4tzlich [&hellip;]<\/p>\n","protected":false},"author":1,"featured_media":0,"parent":0,"menu_order":0,"comment_status":"closed","ping_status":"closed","template":"page-full.php","meta":{"footnotes":""},"class_list":["post-31","page","type-page","status-publish","hentry"],"_links":{"self":[{"href":"https:\/\/randic-engineering.com\/index.php\/wp-json\/wp\/v2\/pages\/31","targetHints":{"allow":["GET"]}}],"collection":[{"href":"https:\/\/randic-engineering.com\/index.php\/wp-json\/wp\/v2\/pages"}],"about":[{"href":"https:\/\/randic-engineering.com\/index.php\/wp-json\/wp\/v2\/types\/page"}],"author":[{"embeddable":true,"href":"https:\/\/randic-engineering.com\/index.php\/wp-json\/wp\/v2\/users\/1"}],"replies":[{"embeddable":true,"href":"https:\/\/randic-engineering.com\/index.php\/wp-json\/wp\/v2\/comments?post=31"}],"version-history":[{"count":24,"href":"https:\/\/randic-engineering.com\/index.php\/wp-json\/wp\/v2\/pages\/31\/revisions"}],"predecessor-version":[{"id":146,"href":"https:\/\/randic-engineering.com\/index.php\/wp-json\/wp\/v2\/pages\/31\/revisions\/146"}],"wp:attachment":[{"href":"https:\/\/randic-engineering.com\/index.php\/wp-json\/wp\/v2\/media?parent=31"}],"curies":[{"name":"wp","href":"https:\/\/api.w.org\/{rel}","templated":true}]}}