{"id":34,"date":"2026-01-28T13:29:05","date_gmt":"2026-01-28T13:29:05","guid":{"rendered":"https:\/\/randicengineering.com\/?page_id=34"},"modified":"2026-01-29T19:54:40","modified_gmt":"2026-01-29T19:54:40","slug":"ihr-bauingenieur","status":"publish","type":"page","link":"https:\/\/randic-engineering.com\/index.php\/ihr-bauingenieur\/","title":{"rendered":"Ihr Bauingenieur"},"content":{"rendered":"<div class=\"wpb-content-wrapper\">[vc_row css=&#8221;.vc_custom_1769714639555{margin-top: 50px !important;}&#8221;][vc_column][vc_column_text css=&#8221;&#8221;]\n<p class=\"zfr3Q CDt4Ke \" dir=\"ltr\" style=\"text-align: justify;\"><span class=\"C9DxTc \">Als Ihr spezialisierter<\/span><span class=\"C9DxTc \">\u00a0<\/span><strong><span class=\"C9DxTc \">Bauingenieur<\/span><span class=\"C9DxTc \">\u00a0<\/span><\/strong><span class=\"C9DxTc \">biete ich die entscheidende Kombination aus\u00a0<\/span><strong><span class=\"C9DxTc \">statischem Know-how<\/span><\/strong><span class=\"C9DxTc \">\u00a0<\/span><span class=\"C9DxTc \">und<\/span><span class=\"C9DxTc \">\u00a0<\/span><strong><span class=\"C9DxTc \">Expertise im<\/span><span class=\"C9DxTc \">\u00a0<\/span><span class=\"C9DxTc \">Abdichtungsbereich<\/span><span class=\"C9DxTc \">.<\/span><\/strong><\/p>\n<p class=\"zfr3Q CDt4Ke \" dir=\"ltr\" style=\"text-align: justify;\"><span class=\"C9DxTc \">Unsere Dienstleistung umfasst den gesamten Zyklus: Von der<\/span><span class=\"C9DxTc \">\u00a0<\/span><strong><span class=\"C9DxTc \">ingenieurtechnischen Konzeption und Planung<\/span><\/strong><span class=\"C9DxTc \">\u00a0<\/span><span class=\"C9DxTc \">bis zur<\/span><span class=\"C9DxTc \">\u00a0<\/span><strong><span class=\"C9DxTc \">pr\u00e4zisen, qualit\u00e4tsgesicherten Ausf\u00fchrung<\/span><\/strong><span class=\"C9DxTc \">\u00a0<\/span><span class=\"C9DxTc \">Ihrer Bauprojekte.<\/span><\/p>\n<div id=\"h.twmni0cno5fe\" class=\"GV3q8e yMxPgf aP9Z7e\" style=\"text-align: justify;\">Unsere Kernkompetenzen im \u00dcberblick:<\/div>\n<ul class=\"n8H08c UVNKR \" style=\"text-align: justify;\">\n<li class=\"zfr3Q TYR86d eD0Rn \" dir=\"ltr\">\n<p class=\"zfr3Q CDt4Ke \" dir=\"ltr\" role=\"presentation\"><strong><span class=\"C9DxTc \">Tragwerksplanung<\/span><\/strong><span class=\"C9DxTc \">\u00a0<\/span><span class=\"C9DxTc \">:<\/span><span class=\"C9DxTc \">\u00a0Erstellung von statischen Berechnungen und Detailplanungen, die die Standsicherheit und Wirtschaftlichkeit Ihrer Konstruktion garantieren. Wir sichern die<\/span><span class=\"C9DxTc \">\u00a0<\/span><strong><span class=\"C9DxTc \">Stabilit\u00e4t<\/span><\/strong><span class=\"C9DxTc \">\u00a0<\/span><span class=\"C9DxTc \">von Fundament bis Dach.<\/span><\/p>\n<\/li>\n<li class=\"zfr3Q TYR86d eD0Rn \" dir=\"ltr\">\n<p class=\"zfr3Q CDt4Ke \" dir=\"ltr\" role=\"presentation\"><strong><span class=\"C9DxTc \">Abdichtungsplanung<\/span><span class=\"C9DxTc \">:<\/span><\/strong><span class=\"C9DxTc \">\u00a0Entwicklung normgerechter und langlebiger\u00a0<\/span><strong><span class=\"C9DxTc \">Abdichtungskonzepte<\/span><\/strong><span class=\"C9DxTc \">\u00a0<\/span><span class=\"C9DxTc \">gegen Feuchtigkeit, Sickerwasser und dr\u00fcckendes Wasser. Wir sichern die\u00a0<\/span><strong><span class=\"C9DxTc \">Langlebigkeit und Werterhaltung<\/span><\/strong><span class=\"C9DxTc \">\u00a0<\/span><span class=\"C9DxTc \">Ihrer Immobilie.<\/span><\/p>\n<\/li>\n<\/ul>\n<p class=\"zfr3Q CDt4Ke \" dir=\"ltr\" style=\"text-align: justify;\"><strong><span class=\"C9DxTc \">Ihr Vorteil:<\/span><\/strong><span class=\"C9DxTc \">\u00a0<\/span><span class=\"C9DxTc \">Durch die B\u00fcndelung von\u00a0<\/span><strong><span class=\"C9DxTc \">Tragwerksplanung und Abdichtung<\/span><\/strong><span class=\"C9DxTc \">\u00a0<\/span><span class=\"C9DxTc \">aus einer Hand erhalten Sie statisch optimierte und dauerhaft trockene Bauwerke \u2013\u00a0<\/span><strong><span class=\"C9DxTc \">vom Konzept bis zur Dichtheitsgarantie.<\/span><\/strong><\/p>\n[\/vc_column_text][\/vc_column][\/vc_row][vc_row][vc_column]<div class=\"separator  \" style=\"padding-top: 20px; padding-bottom: 20px; \" ><hr class=\"shadow_line\" ><\/div>[\/vc_column][\/vc_row][vc_row][vc_column width=&#8221;1\/2&#8243;][vc_single_image image=&#8221;116&#8243; img_size=&#8221;full&#8221; alignment=&#8221;center&#8221;][\/vc_column][vc_column width=&#8221;1\/2&#8243;]<div class=\"title-outer pos_left \"  style=\"border-color: #00000000 ;border-bottom: none;\"><h3 style=\"color: #000000; border-bottom-color:#00000000; text-transform: none;font-size: 30px;\">Konstruktive Ingenieurleistungen<\/h3><\/div>[vc_column_text]\n<p class=\"zfr3Q CDt4Ke \" dir=\"ltr\"><span class=\"C9DxTc \">Wir bieten die\u00a0<\/span><span class=\"C9DxTc \">komplette statische und konstruktive Planung<\/span><span class=\"C9DxTc \">\u00a0f\u00fcr die Standfestigkeit Ihres Bauvorhabens:<\/span><\/p>\n<ul class=\"n8H08c UVNKR \">\n<li class=\"zfr3Q TYR86d eD0Rn \" dir=\"ltr\">\n<p class=\"zfr3Q CDt4Ke \" dir=\"ltr\" role=\"presentation\"><span class=\"C9DxTc \">Statische Berechnung und Detaillierung<\/span><span class=\"C9DxTc \">\u00a0(Fundamente und \u00dcberbauten).<\/span><\/p>\n<\/li>\n<li class=\"zfr3Q TYR86d eD0Rn \" dir=\"ltr\">\n<p class=\"zfr3Q CDt4Ke \" dir=\"ltr\" role=\"presentation\"><span class=\"C9DxTc \">Spezialist f\u00fcr Tragwerke in Stahlbeton, Mauerwerk und Stahlbau.<\/span><\/p>\n<\/li>\n<li class=\"zfr3Q TYR86d eD0Rn \" dir=\"ltr\">\n<p class=\"zfr3Q CDt4Ke \" dir=\"ltr\" role=\"presentation\"><span class=\"C9DxTc \">Integration von\u00a0<\/span><span class=\"C9DxTc \">Elementbauweisen<\/span><span class=\"C9DxTc \">\u00a0(Fertigteile).<\/span><\/p>\n<\/li>\n<\/ul>\n[\/vc_column_text][\/vc_column][\/vc_row][vc_row][vc_column]<div class=\"separator  \" style=\"padding-top: 20px; padding-bottom: 20px; \" ><hr class=\"shadow_line\" ><\/div>[\/vc_column][\/vc_row][vc_row][vc_column width=&#8221;1\/2&#8243;][vc_single_image image=&#8221;123&#8243; img_size=&#8221;full&#8221; alignment=&#8221;center&#8221; css=&#8221;&#8221;][\/vc_column][vc_column width=&#8221;1\/2&#8243;]<div class=\"title-outer pos_left \"  style=\"border-color: #00000000 ;border-bottom: none;\"><h3 style=\"color: #000000; border-bottom-color:#00000000; text-transform: none;font-size: 30px;\">Umbau<\/h3><\/div>[vc_column_text css=&#8221;&#8221;]\n<p class=\"zfr3Q CDt4Ke \" dir=\"ltr\"><span class=\"C9DxTc \">Umfassende Konzepterstellung:<\/span><span class=\"C9DxTc \">\u00a0Detaillierte Ausarbeitung Ihrer Gestaltungs\u00e4nderungen.<\/span><\/p>\n<p class=\"zfr3Q CDt4Ke \" dir=\"ltr\"><span class=\"C9DxTc \">Kosten- und Nutzenanalyse:<\/span><span class=\"C9DxTc \">\u00a0Transparente Aufschl\u00fcsselung der zu erwartenden Kosten.<\/span><\/p>\n<p class=\"zfr3Q CDt4Ke \" dir=\"ltr\"><span class=\"C9DxTc \">Statische Berichte und Dokumentation:<\/span><span class=\"C9DxTc \">\u00a0Erstellung aller erforderlichen statischen Nachweise und Pr\u00fcfdokumente zur Sicherstellung der Standsicherheit.<\/span><\/p>\n[\/vc_column_text][\/vc_column][\/vc_row][vc_row][vc_column]<div class=\"separator  \" style=\"padding-top: 20px; padding-bottom: 20px; \" ><hr class=\"shadow_line\" ><\/div>[\/vc_column][\/vc_row][vc_row][vc_column width=&#8221;1\/2&#8243;][vc_single_image image=&#8221;122&#8243; img_size=&#8221;full&#8221; alignment=&#8221;center&#8221; css=&#8221;&#8221;][\/vc_column][vc_column width=&#8221;1\/2&#8243;]<div class=\"title-outer pos_left \"  style=\"border-color: #00000000 ;border-bottom: none;\"><h3 style=\"color: #000000; border-bottom-color:#00000000; text-transform: none;font-size: 30px;\">Erdbebensicherheit<\/h3><\/div>[vc_column_text css=&#8221;&#8221;]\n<p class=\"zfr3Q CDt4Ke \" dir=\"ltr\"><span class=\"C9DxTc \">Als erfahrene Bauingenieure bieten wir Ihnen spezialisierte Leistungen zur Sicherstellung der Erdbebensicherheit \u2013 von der Konzeption bis zur Realisierung.\u00a0<\/span><\/p>\n<ul class=\"n8H08c UVNKR \">\n<li class=\"zfr3Q TYR86d eD0Rn \" dir=\"ltr\">\n<p class=\"zfr3Q CDt4Ke \" dir=\"ltr\" role=\"presentation\"><span class=\"C9DxTc \">Erdbebensicherheit im Neubau:<\/span><span class=\"C9DxTc \">\u00a0Wir gew\u00e4hrleisten die Einhaltung strengster Sicherheitsstandards. Unsere Experten pr\u00fcfen und optimieren Ihr Bauvorhaben von Beginn an f\u00fcr h\u00f6chste Erdbebensicherheit.<\/span><\/p>\n<\/li>\n<li class=\"zfr3Q TYR86d eD0Rn \" dir=\"ltr\">\n<p class=\"zfr3Q CDt4Ke \" dir=\"ltr\" role=\"presentation\"><span class=\"C9DxTc \">Bestandsgeb\u00e4ude: Analyse und Ert\u00fcchtigung:<\/span><span class=\"C9DxTc \">\u00a0Wir bewerten die vorhandene Erdbebensicherheit Ihrer Immobilie, erstellen detaillierte Berichte mit klaren Empfehlungen und entwickeln massgeschneiderte Ert\u00fcchtigungskonzepte zur Steigerung der Resilienz.<\/span><\/p>\n<\/li>\n<li class=\"zfr3Q TYR86d eD0Rn \" dir=\"ltr\">\n<p class=\"zfr3Q CDt4Ke \" dir=\"ltr\" role=\"presentation\"><span class=\"C9DxTc \">Bauherrenberatung f\u00fcr Transformationsprojekte:<\/span><span class=\"C9DxTc \">\u00a0Planen Sie Aufstockungen, Umbauten oder Sanierungen? Wir erstellen pr\u00e4zise Machbarkeitsstudien zur Erdbebensicherheit und beraten Sie umfassend, um wirtschaftliche und statisch sichere L\u00f6sungen f\u00fcr Ihr Projekt zu finden.<\/span><\/p>\n<\/li>\n<\/ul>\n[\/vc_column_text][\/vc_column][\/vc_row][vc_row][vc_column]<div class=\"separator  \" style=\"padding-top: 20px; padding-bottom: 20px; \" ><hr class=\"shadow_line\" ><\/div>[\/vc_column][\/vc_row][vc_row][vc_column width=&#8221;1\/2&#8243;][vc_single_image image=&#8221;121&#8243; img_size=&#8221;full&#8221; alignment=&#8221;center&#8221; css=&#8221;&#8221;][\/vc_column][vc_column width=&#8221;1\/2&#8243;]<div class=\"title-outer pos_left \"  style=\"border-color: #00000000 ;border-bottom: none;\"><h3 style=\"color: #000000; border-bottom-color:#00000000; text-transform: none;font-size: 30px;\">Schutzraumbau<\/h3><\/div>[vc_column_text css=&#8221;&#8221;]\n<p class=\"zfr3Q CDt4Ke \" dir=\"ltr\"><span class=\"C9DxTc \">Wir bieten Ihnen umfassende Ingenieurleistungen in zwei spezialisierten Bereichen:<\/span><\/p>\n<ul class=\"n8H08c UVNKR \">\n<li class=\"zfr3Q TYR86d eD0Rn \" dir=\"ltr\">\n<p class=\"zfr3Q CDt4Ke \" dir=\"ltr\" role=\"presentation\"><span class=\"C9DxTc \">Bemessung von Schutzr\u00e4umen:<\/span><\/p>\n<ul class=\"n8H08c UVNKR \">\n<li class=\"zfr3Q TYR86d eD0Rn \" dir=\"ltr\">\n<p class=\"zfr3Q CDt4Ke \" dir=\"ltr\" role=\"presentation\"><span class=\"C9DxTc \">Wir erstellen die vollst\u00e4ndige statisch-konstruktive Bemessung von Schutzr\u00e4umen und zugeh\u00f6rigen Bauwerken.<\/span><\/p>\n<\/li>\n<li class=\"zfr3Q TYR86d eD0Rn \" dir=\"ltr\">\n<p class=\"zfr3Q CDt4Ke \" dir=\"ltr\" role=\"presentation\"><span class=\"C9DxTc \">Inklusive detaillierter Berichterstellung und Nachweisf\u00fchrung nach geltenden Normen.<\/span><\/p>\n<\/li>\n<\/ul>\n<\/li>\n<\/ul>\n[\/vc_column_text][\/vc_column][\/vc_row][vc_row][vc_column]<div class=\"separator  \" style=\"padding-top: 20px; padding-bottom: 20px; \" ><hr class=\"shadow_line\" ><\/div>[\/vc_column][\/vc_row][vc_row][vc_column width=&#8221;1\/2&#8243;][vc_single_image image=&#8221;120&#8243; img_size=&#8221;full&#8221; alignment=&#8221;center&#8221; css=&#8221;&#8221;][\/vc_column][vc_column width=&#8221;1\/2&#8243;]<div class=\"title-outer pos_left \"  style=\"border-color: #00000000 ;border-bottom: none;\"><h3 style=\"color: #000000; border-bottom-color:#00000000; text-transform: none;font-size: 30px;\">Abdichtungsplanung<\/h3><\/div>[vc_column_text css=&#8221;&#8221;]\n<ul class=\"n8H08c UVNKR \">\n<li class=\"zfr3Q TYR86d eD0Rn \" dir=\"ltr\">\n<p class=\"zfr3Q CDt4Ke \" dir=\"ltr\" role=\"presentation\"><span class=\"C9DxTc \">Abdichtungskonzepte Erarbeitung.<\/span><\/p>\n<\/li>\n<li class=\"zfr3Q TYR86d eD0Rn \" dir=\"ltr\">\n<p class=\"zfr3Q CDt4Ke \" dir=\"ltr\" role=\"presentation\"><span class=\"C9DxTc \">Weisse und Gelbe Wanne Abdichtungssystem.<\/span><\/p>\n<\/li>\n<li class=\"zfr3Q TYR86d eD0Rn \" dir=\"ltr\">\n<p class=\"zfr3Q CDt4Ke \" dir=\"ltr\" role=\"presentation\"><span class=\"C9DxTc \">WD Beton Rezepturen Vorschlag.<\/span><\/p>\n<\/li>\n<li class=\"zfr3Q TYR86d eD0Rn \" dir=\"ltr\">\n<p class=\"zfr3Q CDt4Ke \" dir=\"ltr\" role=\"presentation\"><span class=\"C9DxTc \">Offerte Erstellung.<\/span><\/p>\n<\/li>\n<li class=\"zfr3Q TYR86d eD0Rn \" dir=\"ltr\">\n<p class=\"zfr3Q CDt4Ke \" dir=\"ltr\" role=\"presentation\"><span class=\"C9DxTc \">Planung.<\/span><\/p>\n<\/li>\n<li class=\"zfr3Q TYR86d eD0Rn \" dir=\"ltr\">\n<p class=\"zfr3Q CDt4Ke \" dir=\"ltr\" role=\"presentation\"><span class=\"C9DxTc \">Abdichtungspl\u00e4ne Erstellung.<\/span><\/p>\n<\/li>\n<li class=\"zfr3Q TYR86d eD0Rn \" dir=\"ltr\">\n<p class=\"zfr3Q CDt4Ke \" dir=\"ltr\" role=\"presentation\"><span class=\"C9DxTc \">Minimalbewehrung f\u00fcr die Abdichtung bemessen.<\/span><\/p>\n<\/li>\n<li class=\"zfr3Q TYR86d eD0Rn \" dir=\"ltr\">\n<p class=\"zfr3Q CDt4Ke \" dir=\"ltr\" role=\"presentation\"><span class=\"C9DxTc \">Enge Zusammenarbeit mit dem zust\u00e4ndigen Ingenieur.\u00a0<\/span><\/p>\n<\/li>\n<li class=\"zfr3Q TYR86d eD0Rn \" dir=\"ltr\">\n<p class=\"zfr3Q CDt4Ke \" dir=\"ltr\" role=\"presentation\"><span class=\"C9DxTc \">Schalungs- und Bewehrungspl\u00e4ne Kontrolle und Genehmigung.<\/span><\/p>\n<\/li>\n<\/ul>\n[\/vc_column_text][\/vc_column][\/vc_row][vc_row][vc_column]<div class=\"separator  \" style=\"padding-top: 20px; padding-bottom: 20px; \" ><hr class=\"shadow_line\" ><\/div>[\/vc_column][\/vc_row]\n<\/div>","protected":false},"excerpt":{"rendered":"<p>[vc_row css=&#8221;.vc_custom_1769714639555{margin-top: 50px !important;}&#8221;][vc_column][vc_column_text css=&#8221;&#8221;] Als Ihr spezialisierter\u00a0Bauingenieur\u00a0biete ich die entscheidende Kombination aus\u00a0statischem Know-how\u00a0und\u00a0Expertise im\u00a0Abdichtungsbereich. Unsere Dienstleistung umfasst den gesamten Zyklus: Von der\u00a0ingenieurtechnischen Konzeption und Planung\u00a0bis zur\u00a0pr\u00e4zisen, qualit\u00e4tsgesicherten Ausf\u00fchrung\u00a0Ihrer Bauprojekte. Unsere Kernkompetenzen im \u00dcberblick: Tragwerksplanung\u00a0:\u00a0Erstellung von statischen Berechnungen und Detailplanungen, die die Standsicherheit und Wirtschaftlichkeit Ihrer Konstruktion garantieren. Wir sichern die\u00a0Stabilit\u00e4t\u00a0von Fundament bis Dach. Abdichtungsplanung:\u00a0Entwicklung [&hellip;]<\/p>\n","protected":false},"author":1,"featured_media":0,"parent":0,"menu_order":0,"comment_status":"closed","ping_status":"closed","template":"page-full.php","meta":{"footnotes":""},"class_list":["post-34","page","type-page","status-publish","hentry"],"_links":{"self":[{"href":"https:\/\/randic-engineering.com\/index.php\/wp-json\/wp\/v2\/pages\/34","targetHints":{"allow":["GET"]}}],"collection":[{"href":"https:\/\/randic-engineering.com\/index.php\/wp-json\/wp\/v2\/pages"}],"about":[{"href":"https:\/\/randic-engineering.com\/index.php\/wp-json\/wp\/v2\/types\/page"}],"author":[{"embeddable":true,"href":"https:\/\/randic-engineering.com\/index.php\/wp-json\/wp\/v2\/users\/1"}],"replies":[{"embeddable":true,"href":"https:\/\/randic-engineering.com\/index.php\/wp-json\/wp\/v2\/comments?post=34"}],"version-history":[{"count":14,"href":"https:\/\/randic-engineering.com\/index.php\/wp-json\/wp\/v2\/pages\/34\/revisions"}],"predecessor-version":[{"id":128,"href":"https:\/\/randic-engineering.com\/index.php\/wp-json\/wp\/v2\/pages\/34\/revisions\/128"}],"wp:attachment":[{"href":"https:\/\/randic-engineering.com\/index.php\/wp-json\/wp\/v2\/media?parent=34"}],"curies":[{"name":"wp","href":"https:\/\/api.w.org\/{rel}","templated":true}]}}