{"id":37,"date":"2026-01-28T13:29:37","date_gmt":"2026-01-28T13:29:37","guid":{"rendered":"https:\/\/randicengineering.com\/?page_id=37"},"modified":"2026-01-29T20:08:11","modified_gmt":"2026-01-29T20:08:11","slug":"ihr-bauingenieur-als-partner","status":"publish","type":"page","link":"https:\/\/randic-engineering.com\/index.php\/ihr-bauingenieur-als-partner\/","title":{"rendered":"Ihr Bauingenieur als Partner"},"content":{"rendered":"<div class=\"wpb-content-wrapper\">[vc_row css=&#8221;.vc_custom_1769717212445{margin-top: 50px !important;}&#8221;][vc_column]<div class=\"title-outer pos_left \"  style=\"border-color: #00000000 ;border-bottom: none;\"><h3 style=\"color: #000000; border-bottom-color:#00000000; text-transform: none;font-size: 30px;\">St\u00e4rken Sie Ihr Projekt: Ihr unabh\u00e4ngiger Bauingenieur als Partner<\/h3><\/div>[vc_column_text]\n<p class=\"zfr3Q CDt4Ke \" dir=\"ltr\"><span class=\"C9DxTc \">Ihr Unternehmen sucht verl\u00e4ssliche und qualifizierte Ingenieurleistungen, um Bauvorhaben sicher und effizient umzusetzen?<\/span><\/p>\n<p class=\"zfr3Q CDt4Ke \" dir=\"ltr\"><span class=\"C9DxTc \">Ich biete Ihnen als erfahrener und unabh\u00e4ngiger Bauingenieur mehr als nur Unterst\u00fctzung: Ich bin Ihr\u00a0<\/span><span class=\"C9DxTc \">strategischer Partner<\/span><span class=\"C9DxTc \">\u00a0f\u00fcr massgeschneiderte L\u00f6sungen. Mein Ziel ist es, Ihr Team zu entlasten und Ihre Projekte mit fundiertem Fachwissen und pr\u00e4ziser Planung zum Erfolg zu f\u00fchren.<\/span><\/p>\n<p class=\"zfr3Q CDt4Ke \" dir=\"ltr\"><span class=\"C9DxTc \">Lassen Sie uns gemeinsam Ihre Herausforderungen im Bauingenieurwesen meistern.<\/span><\/p>\n[\/vc_column_text]<div class=\"separator  \" style=\"padding-top: 20px; padding-bottom: 20px; \" ><hr class=\"shadow_line\" ><\/div>[\/vc_column][\/vc_row][vc_row][vc_column width=&#8221;1\/2&#8243;][vc_single_image image=&#8221;132&#8243; img_size=&#8221;large&#8221; alignment=&#8221;center&#8221; css=&#8221;&#8221;][\/vc_column][vc_column width=&#8221;1\/2&#8243;]<div class=\"title-outer pos_left \"  style=\"border-color: #00000000 ;border-bottom: none;\"><h3 style=\"color: #000000; border-bottom-color:#00000000; text-transform: none;font-size: 30px;\">Unsere Dienstleistungen<\/h3><\/div>[vc_column_text css=&#8221;&#8221;]\n<ul class=\"n8H08c UVNKR \">\n<li class=\"zfr3Q TYR86d eD0Rn \" dir=\"ltr\">\n<p class=\"zfr3Q CDt4Ke \" dir=\"ltr\" role=\"presentation\"><span class=\"C9DxTc \">Statische Bearbeitung &#8211; von Dach bis die Fundamenten &#8211; Massive &#8211; und Stahlbau.\u00a0<\/span><\/p>\n<\/li>\n<li class=\"zfr3Q TYR86d eD0Rn \" dir=\"ltr\">\n<p class=\"zfr3Q CDt4Ke \" dir=\"ltr\" role=\"presentation\"><span class=\"C9DxTc \">3D statische Modelle Erstellung.<\/span><\/p>\n<\/li>\n<li class=\"zfr3Q TYR86d eD0Rn \" dir=\"ltr\">\n<p class=\"zfr3Q CDt4Ke \" dir=\"ltr\" role=\"presentation\"><span class=\"C9DxTc \">Vordimensionierungen.<\/span><\/p>\n<\/li>\n<li class=\"zfr3Q TYR86d eD0Rn \" dir=\"ltr\">\n<p class=\"zfr3Q CDt4Ke \" dir=\"ltr\" role=\"presentation\"><span class=\"C9DxTc \">Zusammenarbeiten mit den Architekten.\u00a0<\/span><\/p>\n<\/li>\n<li class=\"zfr3Q TYR86d eD0Rn \" dir=\"ltr\">\n<p class=\"zfr3Q CDt4Ke \" dir=\"ltr\" role=\"presentation\"><span class=\"C9DxTc \">Baustellenkontrolle und Baudokumentation.<\/span><\/p>\n<\/li>\n<li class=\"zfr3Q TYR86d eD0Rn \" dir=\"ltr\">\n<p class=\"zfr3Q CDt4Ke \" dir=\"ltr\" role=\"presentation\"><span class=\"C9DxTc \">Projektmanagement.<\/span><\/p>\n<\/li>\n<li class=\"zfr3Q TYR86d eD0Rn \" dir=\"ltr\">\n<p class=\"zfr3Q CDt4Ke \" dir=\"ltr\" role=\"presentation\"><span class=\"C9DxTc \">Technische L\u00f6sungen f\u00fcr Umbau Projekte.\u00a0<\/span><\/p>\n<\/li>\n<li class=\"zfr3Q TYR86d eD0Rn \" dir=\"ltr\">\n<p class=\"zfr3Q CDt4Ke \" dir=\"ltr\" role=\"presentation\"><span class=\"C9DxTc \">Erdbebensicherheit.<\/span><\/p>\n<\/li>\n<li class=\"zfr3Q TYR86d eD0Rn \" dir=\"ltr\">\n<p class=\"zfr3Q CDt4Ke \" dir=\"ltr\" role=\"presentation\"><span class=\"C9DxTc \">Schtuzr\u00e4umen Bemessung.<\/span><\/p>\n<\/li>\n<li class=\"zfr3Q TYR86d eD0Rn \" dir=\"ltr\">\n<p class=\"zfr3Q CDt4Ke \" dir=\"ltr\" role=\"presentation\"><span class=\"C9DxTc \">Abdichtungskonzepte Erarbeitung.<\/span><\/p>\n<\/li>\n<li class=\"zfr3Q TYR86d eD0Rn \" dir=\"ltr\">\n<p class=\"zfr3Q CDt4Ke \" dir=\"ltr\" role=\"presentation\"><span class=\"C9DxTc \">Abdichungsplanung.<\/span><\/p>\n<\/li>\n<li class=\"zfr3Q TYR86d eD0Rn \" dir=\"ltr\">\n<p class=\"zfr3Q CDt4Ke \" dir=\"ltr\" role=\"presentation\"><span class=\"C9DxTc \">Abdichtungspl\u00e4ne Erstellung.<\/span><\/p>\n<\/li>\n<li class=\"zfr3Q TYR86d eD0Rn \" dir=\"ltr\">\n<p class=\"zfr3Q CDt4Ke \" dir=\"ltr\" role=\"presentation\"><span class=\"C9DxTc \">Sanierungsvorgehensweise Erstellung.\u00a0<\/span><\/p>\n<\/li>\n<\/ul>\n<p class=\"zfr3Q CDt4Ke \" dir=\"ltr\"><span class=\"C9DxTc \">Wenn Ihr Unternehmen\u00a0<\/span><span class=\"C9DxTc \">tempor\u00e4re Fachkompetenz oder zus\u00e4tzliche Ressourcen<\/span><span class=\"C9DxTc \">\u00a0im Bauingenieurwesen ben\u00f6tigt, sind wir Ihr idealer Partner. Wir bieten unsere spezialisierten Dienstleistungen an, um Ihre Projekte voranzutreiben und Ihre internen Kapazit\u00e4ten bedarfsgerecht zu erg\u00e4nzen.\u00a0<\/span><\/p>\n[\/vc_column_text][\/vc_column][\/vc_row][vc_row][vc_column]<div class=\"separator  \" style=\"padding-top: 20px; padding-bottom: 20px; \" ><hr class=\"shadow_line\" ><\/div>[\/vc_column][\/vc_row]\n<\/div>","protected":false},"excerpt":{"rendered":"<p>[vc_row css=&#8221;.vc_custom_1769717212445{margin-top: 50px !important;}&#8221;][vc_column][vc_column_text] Ihr Unternehmen sucht verl\u00e4ssliche und qualifizierte Ingenieurleistungen, um Bauvorhaben sicher und effizient umzusetzen? Ich biete Ihnen als erfahrener und unabh\u00e4ngiger Bauingenieur mehr als nur Unterst\u00fctzung: Ich bin Ihr\u00a0strategischer Partner\u00a0f\u00fcr massgeschneiderte L\u00f6sungen. Mein Ziel ist es, Ihr Team zu entlasten und Ihre Projekte mit fundiertem Fachwissen und pr\u00e4ziser Planung zum Erfolg zu [&hellip;]<\/p>\n","protected":false},"author":1,"featured_media":0,"parent":0,"menu_order":0,"comment_status":"closed","ping_status":"closed","template":"page-full.php","meta":{"footnotes":""},"class_list":["post-37","page","type-page","status-publish","hentry"],"_links":{"self":[{"href":"https:\/\/randic-engineering.com\/index.php\/wp-json\/wp\/v2\/pages\/37","targetHints":{"allow":["GET"]}}],"collection":[{"href":"https:\/\/randic-engineering.com\/index.php\/wp-json\/wp\/v2\/pages"}],"about":[{"href":"https:\/\/randic-engineering.com\/index.php\/wp-json\/wp\/v2\/types\/page"}],"author":[{"embeddable":true,"href":"https:\/\/randic-engineering.com\/index.php\/wp-json\/wp\/v2\/users\/1"}],"replies":[{"embeddable":true,"href":"https:\/\/randic-engineering.com\/index.php\/wp-json\/wp\/v2\/comments?post=37"}],"version-history":[{"count":10,"href":"https:\/\/randic-engineering.com\/index.php\/wp-json\/wp\/v2\/pages\/37\/revisions"}],"predecessor-version":[{"id":139,"href":"https:\/\/randic-engineering.com\/index.php\/wp-json\/wp\/v2\/pages\/37\/revisions\/139"}],"wp:attachment":[{"href":"https:\/\/randic-engineering.com\/index.php\/wp-json\/wp\/v2\/media?parent=37"}],"curies":[{"name":"wp","href":"https:\/\/api.w.org\/{rel}","templated":true}]}}